{"id":65873,"date":"2025-07-15T11:04:50","date_gmt":"2025-07-15T09:04:50","guid":{"rendered":"https:\/\/moogbarcelona.com\/?page_id=65873"},"modified":"2025-07-17T12:31:47","modified_gmt":"2025-07-17T10:31:47","slug":"espacio-amable","status":"publish","type":"page","link":"https:\/\/moogbarcelona.com\/es\/club\/espacio-amable\/","title":{"rendered":"Espacio amable"},"content":{"rendered":"\t\t<div data-elementor-type=\"wp-page\" data-elementor-id=\"65873\" class=\"elementor elementor-65873 elementor-65203\" data-elementor-post-type=\"page\">\n\t\t\t\t<div class=\"elementor-element elementor-element-5baf8bd2 e-flex e-con-boxed e-con e-parent\" data-id=\"5baf8bd2\" data-element_type=\"container\" data-e-type=\"container\" data-settings=\"{&quot;background_background&quot;:&quot;classic&quot;}\">\n\t\t\t\t\t<div class=\"e-con-inner\">\n\t\t\t\t\t<\/div>\n\t\t\t\t<\/div>\n\t\t<div class=\"elementor-element elementor-element-e8d4ed8 e-flex e-con-boxed e-con e-parent\" data-id=\"e8d4ed8\" data-element_type=\"container\" data-e-type=\"container\" data-settings=\"{&quot;background_background&quot;:&quot;classic&quot;}\">\n\t\t\t\t\t<div class=\"e-con-inner\">\n\t\t<div class=\"elementor-element elementor-element-089259a e-con-full e-flex e-con e-child\" data-id=\"089259a\" data-element_type=\"container\" data-e-type=\"container\">\n\t\t\t\t<div class=\"elementor-element elementor-element-b584c5a elementor-invisible elementor-widget elementor-widget-heading\" data-id=\"b584c5a\" data-element_type=\"widget\" data-e-type=\"widget\" data-settings=\"{&quot;_animation&quot;:&quot;fadeInDown&quot;}\" data-widget_type=\"heading.default\">\n\t\t\t\t\t<div class=\"elementor-heading-title elementor-size-default\">Club<\/div>\t\t\t\t<\/div>\n\t\t\t\t<\/div>\n\t\t\t\t\t<\/div>\n\t\t\t\t<\/div>\n\t\t<div class=\"elementor-element elementor-element-543a056 e-flex e-con-boxed e-con e-parent\" data-id=\"543a056\" data-element_type=\"container\" data-e-type=\"container\" data-settings=\"{&quot;background_background&quot;:&quot;classic&quot;}\">\n\t\t\t\t\t<div class=\"e-con-inner\">\n\t\t<div class=\"elementor-element elementor-element-1884db4 e-con-full e-flex e-con e-child\" data-id=\"1884db4\" data-element_type=\"container\" data-e-type=\"container\">\n\t\t<div class=\"elementor-element elementor-element-fd627eb e-con-full e-flex e-con e-child\" data-id=\"fd627eb\" data-element_type=\"container\" data-e-type=\"container\">\n\t\t\t\t<div class=\"elementor-element elementor-element-02b1524 elementor-invisible elementor-widget elementor-widget-heading\" data-id=\"02b1524\" data-element_type=\"widget\" data-e-type=\"widget\" data-settings=\"{&quot;_animation&quot;:&quot;fadeInUp&quot;}\" data-widget_type=\"heading.default\">\n\t\t\t\t\t<h1 class=\"elementor-heading-title elementor-size-default\"><a href=\"#villarosa\">Espacio amable MOOG<\/a><\/h1>\t\t\t\t<\/div>\n\t\t\t\t<\/div>\n\t\t\t\t<div class=\"elementor-element elementor-element-9a1fe08 elementor-widget-divider--view-line elementor-widget elementor-widget-divider\" data-id=\"9a1fe08\" data-element_type=\"widget\" data-e-type=\"widget\" data-widget_type=\"divider.default\">\n\t\t\t\t\t\t\t<div class=\"elementor-divider\">\n\t\t\t<span class=\"elementor-divider-separator\">\n\t\t\t\t\t\t<\/span>\n\t\t<\/div>\n\t\t\t\t\t\t<\/div>\n\t\t\t\t<\/div>\n\t\t\t\t\t<\/div>\n\t\t\t\t<\/div>\n\t\t<div class=\"elementor-element elementor-element-1aa87e9 e-flex e-con-boxed e-con e-parent\" data-id=\"1aa87e9\" data-element_type=\"container\" data-e-type=\"container\" data-settings=\"{&quot;background_background&quot;:&quot;classic&quot;}\">\n\t\t\t\t\t<div class=\"e-con-inner\">\n\t\t<div class=\"elementor-element elementor-element-0a8d444 e-con-full e-flex e-con e-child\" data-id=\"0a8d444\" data-element_type=\"container\" data-e-type=\"container\" data-settings=\"{&quot;background_background&quot;:&quot;classic&quot;}\">\n\t\t\t\t<div class=\"elementor-element elementor-element-3b63883 elementor-hidden-tablet elementor-hidden-mobile elementor-invisible elementor-widget elementor-widget-image\" data-id=\"3b63883\" data-element_type=\"widget\" data-e-type=\"widget\" data-settings=\"{&quot;_animation&quot;:&quot;fadeInLeft&quot;}\" data-widget_type=\"image.default\">\n\t\t\t\t\t\t\t\t\t\t\t\t\t\t\t<img fetchpriority=\"high\" decoding=\"async\" width=\"1798\" height=\"1200\" src=\"https:\/\/moogbarcelona.com\/wp-content\/uploads\/2025\/06\/moog-barcelona-header.jpg\" class=\"attachment-full size-full wp-image-63730\" alt=\"\" srcset=\"https:\/\/moogbarcelona.com\/wp-content\/uploads\/2025\/06\/moog-barcelona-header.jpg 1798w, https:\/\/moogbarcelona.com\/wp-content\/uploads\/2025\/06\/moog-barcelona-header-300x200.jpg 300w, https:\/\/moogbarcelona.com\/wp-content\/uploads\/2025\/06\/moog-barcelona-header-1024x683.jpg 1024w\" sizes=\"(max-width: 1798px) 100vw, 1798px\" \/>\t\t\t\t\t\t\t\t\t\t\t\t\t\t\t<\/div>\n\t\t\t\t<div class=\"elementor-element elementor-element-6e4b54b elementor-invisible elementor-widget elementor-widget-image\" data-id=\"6e4b54b\" data-element_type=\"widget\" data-e-type=\"widget\" data-settings=\"{&quot;_animation&quot;:&quot;fadeInLeft&quot;,&quot;_animation_delay&quot;:250}\" data-widget_type=\"image.default\">\n\t\t\t\t\t\t\t\t\t\t\t\t\t\t\t<img decoding=\"async\" width=\"1200\" height=\"800\" src=\"https:\/\/moogbarcelona.com\/wp-content\/uploads\/2025\/07\/moog-espai-amable.jpg\" class=\"attachment-full size-full wp-image-65335\" alt=\"\" srcset=\"https:\/\/moogbarcelona.com\/wp-content\/uploads\/2025\/07\/moog-espai-amable.jpg 1200w, https:\/\/moogbarcelona.com\/wp-content\/uploads\/2025\/07\/moog-espai-amable-300x200.jpg 300w, https:\/\/moogbarcelona.com\/wp-content\/uploads\/2025\/07\/moog-espai-amable-1024x683.jpg 1024w\" sizes=\"(max-width: 1200px) 100vw, 1200px\" \/>\t\t\t\t\t\t\t\t\t\t\t\t\t\t\t<\/div>\n\t\t\t\t<\/div>\n\t\t<div class=\"elementor-element elementor-element-0794bc9 e-con-full e-flex e-con e-child\" data-id=\"0794bc9\" data-element_type=\"container\" data-e-type=\"container\">\n\t\t\t\t<div class=\"elementor-element elementor-element-af721a2 elementor-invisible elementor-widget elementor-widget-heading\" data-id=\"af721a2\" data-element_type=\"widget\" data-e-type=\"widget\" data-settings=\"{&quot;_animation&quot;:&quot;fadeInUp&quot;}\" data-widget_type=\"heading.default\">\n\t\t\t\t\t<h2 class=\"elementor-heading-title elementor-size-default\">El Espacio Amable<\/h2>\t\t\t\t<\/div>\n\t\t\t\t<div class=\"elementor-element elementor-element-f052735 elementor-invisible elementor-widget elementor-widget-text-editor\" data-id=\"f052735\" data-element_type=\"widget\" data-e-type=\"widget\" data-settings=\"{&quot;_animation&quot;:&quot;fadeInUp&quot;,&quot;_animation_delay&quot;:250}\" data-widget_type=\"text-editor.default\">\n\t\t\t\t\t\t\t\t\t<p>En Moog queremos que todo el mundo pueda disfrutar de la m\u00fasica y la fiesta en un entorno donde la diversidad y la libertad de expresi\u00f3n sean protagonistas. Por eso, nuestro Espacio Amable est\u00e1 pensado porque las personas lesbianas, gays, transexuales, intersexuales y bisexuales (LGTBI) puedan sentirse libres y seguras.<\/p><p>Es fundamental que cada persona respete las identidades y expresiones de g\u00e9nero, as\u00ed como las orientaciones sexuales de todas las personas presentes. Cualquier comportamiento que atente contra este respeto o que sea discriminatorio no ser\u00e1 aceptado en Moog.<\/p><p>Entendemos que la responsabilidad de mantener un ambiente positivo y acogedor es compartida por todas y todos. Por eso, os invitamos a ser conscientes de como vuestras acciones pueden afectar las personas que os rodean, manteniendo siempre el respecto a su espacio personal y a su dignidad.<\/p><p>En colaboraci\u00f3n con el Observatorio contra la Homofobia, trabajamos para prevenir y actuar ante cualquier situaci\u00f3n de discriminaci\u00f3n o agresi\u00f3n LGTBI-f\u00f3bica. Si en alg\u00fan momento te sientes inc\u00f3modo, inseguro o has presenciado alg\u00fan comportamiento inadecuado, no dudes a ponerte en contacto con nuestro equipo, que est\u00e1 formado para atender estas situaciones con sensibilidad y rigor.<\/p>\t\t\t\t\t\t\t\t<\/div>\n\t\t\t\t<\/div>\n\t\t\t\t\t<\/div>\n\t\t\t\t<\/div>\n\t\t<div class=\"elementor-element elementor-element-7ccad43 e-flex e-con-boxed e-con e-parent\" data-id=\"7ccad43\" data-element_type=\"container\" data-e-type=\"container\" data-settings=\"{&quot;background_background&quot;:&quot;classic&quot;}\">\n\t\t\t\t\t<div class=\"e-con-inner\">\n\t\t<div class=\"elementor-element elementor-element-a58b4ba e-con-full e-flex e-con e-child\" data-id=\"a58b4ba\" data-element_type=\"container\" data-e-type=\"container\">\n\t\t\t\t<div class=\"elementor-element elementor-element-6ef6fe4 elementor-invisible elementor-widget elementor-widget-heading\" data-id=\"6ef6fe4\" data-element_type=\"widget\" data-e-type=\"widget\" data-settings=\"{&quot;_animation&quot;:&quot;fadeInLeft&quot;}\" data-widget_type=\"heading.default\">\n\t\t\t\t\t<h3 class=\"elementor-heading-title elementor-size-default\">Contacta con nosotros<\/h3>\t\t\t\t<\/div>\n\t\t\t\t<div class=\"elementor-element elementor-element-b58d685 elementor-invisible elementor-widget elementor-widget-text-editor\" data-id=\"b58d685\" data-element_type=\"widget\" data-e-type=\"widget\" data-settings=\"{&quot;_animation&quot;:&quot;fadeInLeft&quot;,&quot;_animation_delay&quot;:250}\" data-widget_type=\"text-editor.default\">\n\t\t\t\t\t\t\t\t\t<p style=\"font-weight: 400;\">Si quieres reportar una incidencia o necesitas apoyo, puedes dirigirte al personal de la sala o escribirnos a la direcci\u00f3n de correo electr\u00f3nico: <a href=\"mailto:moog.info@masimas.com\">moog.info@masimas.com<\/a>. Tu experiencia es importante para ayudarnos a mejorar y garantizar que el Moog sea un espacio amable y seguro para todo el mundo.<\/p>\t\t\t\t\t\t\t\t<\/div>\n\t\t\t\t<div class=\"elementor-element elementor-element-809bd8d elementor-invisible elementor-widget elementor-widget-button\" data-id=\"809bd8d\" data-element_type=\"widget\" data-e-type=\"widget\" data-settings=\"{&quot;_animation&quot;:&quot;fadeInRight&quot;}\" data-widget_type=\"button.default\">\n\t\t\t\t\t\t\t\t\t\t<a class=\"elementor-button elementor-button-link elementor-size-sm\" href=\"mailto:moog.info@masimas.com\">\n\t\t\t\t\t\t<span class=\"elementor-button-content-wrapper\">\n\t\t\t\t\t\t\t\t\t<span class=\"elementor-button-text\">Contacta con nosotros<\/span>\n\t\t\t\t\t<\/span>\n\t\t\t\t\t<\/a>\n\t\t\t\t\t\t\t\t<\/div>\n\t\t\t\t<\/div>\n\t\t<div class=\"elementor-element elementor-element-403aa56 e-con-full elementor-hidden-tablet elementor-hidden-mobile e-flex elementor-invisible e-con e-child\" data-id=\"403aa56\" data-element_type=\"container\" data-e-type=\"container\" data-settings=\"{&quot;animation&quot;:&quot;fadeInRight&quot;}\">\n\t\t\t\t<div class=\"elementor-element elementor-element-9e18bfd elementor-widget elementor-widget-image\" data-id=\"9e18bfd\" data-element_type=\"widget\" data-e-type=\"widget\" data-widget_type=\"image.default\">\n\t\t\t\t\t\t\t\t\t\t\t\t\t\t\t<img decoding=\"async\" width=\"780\" height=\"519\" src=\"https:\/\/moogbarcelona.com\/wp-content\/uploads\/2025\/07\/slider-5-1024x682.jpg\" class=\"attachment-large size-large wp-image-64853\" alt=\"\" srcset=\"https:\/\/moogbarcelona.com\/wp-content\/uploads\/2025\/07\/slider-5-1024x682.jpg 1024w, https:\/\/moogbarcelona.com\/wp-content\/uploads\/2025\/07\/slider-5-300x200.jpg 300w, https:\/\/moogbarcelona.com\/wp-content\/uploads\/2025\/07\/slider-5.jpg 2000w\" sizes=\"(max-width: 780px) 100vw, 780px\" \/>\t\t\t\t\t\t\t\t\t\t\t\t\t\t\t<\/div>\n\t\t\t\t<\/div>\n\t\t\t\t\t<\/div>\n\t\t\t\t<\/div>\n\t\t<div class=\"elementor-element elementor-element-31eb172 e-flex e-con-boxed e-con e-parent\" data-id=\"31eb172\" data-element_type=\"container\" data-e-type=\"container\" data-settings=\"{&quot;background_background&quot;:&quot;classic&quot;}\">\n\t\t\t\t\t<div class=\"e-con-inner\">\n\t\t\t\t<div class=\"elementor-element elementor-element-7152d6f elementor-widget-divider--view-line elementor-widget elementor-widget-divider\" data-id=\"7152d6f\" data-element_type=\"widget\" data-e-type=\"widget\" data-widget_type=\"divider.default\">\n\t\t\t\t\t\t\t<div class=\"elementor-divider\">\n\t\t\t<span class=\"elementor-divider-separator\">\n\t\t\t\t\t\t<\/span>\n\t\t<\/div>\n\t\t\t\t\t\t<\/div>\n\t\t<div class=\"elementor-element elementor-element-9e9487d e-con-full e-flex e-con e-child\" data-id=\"9e9487d\" data-element_type=\"container\" data-e-type=\"container\">\n\t\t\t\t<div class=\"elementor-element elementor-element-fa6d999 elementor-widget elementor-widget-heading\" data-id=\"fa6d999\" data-element_type=\"widget\" data-e-type=\"widget\" data-settings=\"{&quot;_animation&quot;:&quot;none&quot;}\" data-widget_type=\"heading.default\">\n\t\t\t\t\t<h3 class=\"elementor-heading-title elementor-size-default\">Recursos de ayuda y apoyo<\/h3>\t\t\t\t<\/div>\n\t\t\t\t<div class=\"elementor-element elementor-element-8cff652 elementor-widget elementor-widget-text-editor\" data-id=\"8cff652\" data-element_type=\"widget\" data-e-type=\"widget\" data-settings=\"{&quot;_animation&quot;:&quot;none&quot;,&quot;_animation_delay&quot;:250}\" data-widget_type=\"text-editor.default\">\n\t\t\t\t\t\t\t\t\t<p style=\"font-weight: 400;\">Si necesitas asistencia m\u00e9dica o psicol\u00f3gica, tambi\u00e9n te informamos de los recursos disponibles:<\/p>\t\t\t\t\t\t\t\t<\/div>\n\t\t<div class=\"elementor-element elementor-element-e70724e e-con-full e-grid e-con e-child\" data-id=\"e70724e\" data-element_type=\"container\" data-e-type=\"container\">\n\t\t<div class=\"elementor-element elementor-element-1de3860 e-con-full e-flex e-con e-child\" data-id=\"1de3860\" data-element_type=\"container\" data-e-type=\"container\">\n\t\t\t\t<div class=\"elementor-element elementor-element-d8bb978 elementor-widget elementor-widget-heading\" data-id=\"d8bb978\" data-element_type=\"widget\" data-e-type=\"widget\" data-widget_type=\"heading.default\">\n\t\t\t\t\t<div class=\"elementor-heading-title elementor-size-default\">Observatorio contra la Homofobia\n<\/div>\t\t\t\t<\/div>\n\t\t\t\t<div class=\"elementor-element elementor-element-22802af elementor-widget elementor-widget-text-editor\" data-id=\"22802af\" data-element_type=\"widget\" data-e-type=\"widget\" data-widget_type=\"text-editor.default\">\n\t\t\t\t\t\t\t\t\t<p>Tel\u00e9fono: <strong><a href=\"tel:34932172669\" target=\"_blank\" rel=\"noopener\">93 217 26 69<\/a><\/strong><br \/>Web: <strong><a href=\"https:\/\/lobservatori.cat\/\" target=\"_blank\" rel=\"noopener\">lobservatori.cat<\/a><\/strong><\/p>\t\t\t\t\t\t\t\t<\/div>\n\t\t\t\t<\/div>\n\t\t<div class=\"elementor-element elementor-element-4e1bfd7 e-con-full e-flex e-con e-child\" data-id=\"4e1bfd7\" data-element_type=\"container\" data-e-type=\"container\">\n\t\t\t\t<div class=\"elementor-element elementor-element-322f4d2 elementor-widget elementor-widget-heading\" data-id=\"322f4d2\" data-element_type=\"widget\" data-e-type=\"widget\" data-widget_type=\"heading.default\">\n\t\t\t\t\t<div class=\"elementor-heading-title elementor-size-default\">Emergencias m\u00e9dicas<\/div>\t\t\t\t<\/div>\n\t\t\t\t<div class=\"elementor-element elementor-element-184feb3 elementor-widget elementor-widget-text-editor\" data-id=\"184feb3\" data-element_type=\"widget\" data-e-type=\"widget\" data-widget_type=\"text-editor.default\">\n\t\t\t\t\t\t\t\t\t<p>Tel\u00e9fono: <strong><a href=\"tel:112\" target=\"_blank\" rel=\"noopener\">112<\/a><\/strong><\/p>\t\t\t\t\t\t\t\t<\/div>\n\t\t\t\t<\/div>\n\t\t<div class=\"elementor-element elementor-element-9fc4be9 e-con-full e-flex e-con e-child\" data-id=\"9fc4be9\" data-element_type=\"container\" data-e-type=\"container\">\n\t\t\t\t<div class=\"elementor-element elementor-element-6c17212 elementor-widget elementor-widget-heading\" data-id=\"6c17212\" data-element_type=\"widget\" data-e-type=\"widget\" data-widget_type=\"heading.default\">\n\t\t\t\t\t<div class=\"elementor-heading-title elementor-size-default\">Hospital Cl\u00ednic de Barcelona (Urgencias)\n<\/div>\t\t\t\t<\/div>\n\t\t\t\t<div class=\"elementor-element elementor-element-ef3835e elementor-widget elementor-widget-text-editor\" data-id=\"ef3835e\" data-element_type=\"widget\" data-e-type=\"widget\" data-widget_type=\"text-editor.default\">\n\t\t\t\t\t\t\t\t\t<p>Tel\u00e9fono: <strong><a href=\"tel:349322754002137\" target=\"_blank\" rel=\"noopener\">932 275 400 (extensi\u00f3n 2137)<\/a><\/strong><\/p>\t\t\t\t\t\t\t\t<\/div>\n\t\t\t\t<\/div>\n\t\t\t\t<\/div>\n\t\t\t\t<\/div>\n\t\t\t\t<div class=\"elementor-element elementor-element-ac12b7b elementor-widget-divider--view-line elementor-widget elementor-widget-divider\" data-id=\"ac12b7b\" data-element_type=\"widget\" data-e-type=\"widget\" data-widget_type=\"divider.default\">\n\t\t\t\t\t\t\t<div class=\"elementor-divider\">\n\t\t\t<span class=\"elementor-divider-separator\">\n\t\t\t\t\t\t<\/span>\n\t\t<\/div>\n\t\t\t\t\t\t<\/div>\n\t\t<div class=\"elementor-element elementor-element-faa2883 e-con-full e-flex e-con e-child\" data-id=\"faa2883\" data-element_type=\"container\" data-e-type=\"container\">\n\t\t\t\t<div class=\"elementor-element elementor-element-3b4b890 elementor-widget elementor-widget-text-editor\" data-id=\"3b4b890\" data-element_type=\"widget\" data-e-type=\"widget\" data-settings=\"{&quot;_animation&quot;:&quot;none&quot;,&quot;_animation_delay&quot;:250}\" data-widget_type=\"text-editor.default\">\n\t\t\t\t\t\t\t\t\t<p style=\"font-weight: 400;\">Recuerda que no est\u00e1s solo\/a y que al Moog trabajamos para que cada persona pueda vivir la m\u00fasica con libertad y respeto.<\/p>\t\t\t\t\t\t\t\t<\/div>\n\t\t\t\t<\/div>\n\t\t\t\t\t<\/div>\n\t\t\t\t<\/div>\n\t\t\t\t<\/div>\n\t\t","protected":false},"excerpt":{"rendered":"<p>Club Espacio amable MOOG El Espacio Amable En Moog queremos que todo el mundo pueda disfrutar de la m\u00fasica y la fiesta en un entorno donde la diversidad y la [&hellip;]<\/p>\n","protected":false},"author":22,"featured_media":0,"parent":65850,"menu_order":0,"comment_status":"closed","ping_status":"closed","template":"","meta":{"_acf_changed":false,"inline_featured_image":false,"_price":"","_stock":"","_tribe_ticket_header":"","_tribe_default_ticket_provider":"","_ticket_start_date":"","_ticket_end_date":"","_tribe_ticket_show_description":"","_tribe_ticket_show_not_going":false,"_tribe_ticket_use_global_stock":"","_tribe_ticket_global_stock_level":"","_global_stock_mode":"","_global_stock_cap":"","_tribe_rsvp_for_event":"","_tribe_ticket_going_count":"","_tribe_ticket_not_going_count":"","_tribe_tickets_list":"[]","_tribe_ticket_has_attendee_info_fields":false,"footnotes":""},"class_list":["post-65873","page","type-page","status-publish","hentry"],"acf":[],"_links":{"self":[{"href":"https:\/\/moogbarcelona.com\/es\/wp-json\/wp\/v2\/pages\/65873","targetHints":{"allow":["GET"]}}],"collection":[{"href":"https:\/\/moogbarcelona.com\/es\/wp-json\/wp\/v2\/pages"}],"about":[{"href":"https:\/\/moogbarcelona.com\/es\/wp-json\/wp\/v2\/types\/page"}],"author":[{"embeddable":true,"href":"https:\/\/moogbarcelona.com\/es\/wp-json\/wp\/v2\/users\/22"}],"replies":[{"embeddable":true,"href":"https:\/\/moogbarcelona.com\/es\/wp-json\/wp\/v2\/comments?post=65873"}],"version-history":[{"count":10,"href":"https:\/\/moogbarcelona.com\/es\/wp-json\/wp\/v2\/pages\/65873\/revisions"}],"predecessor-version":[{"id":66066,"href":"https:\/\/moogbarcelona.com\/es\/wp-json\/wp\/v2\/pages\/65873\/revisions\/66066"}],"up":[{"embeddable":true,"href":"https:\/\/moogbarcelona.com\/es\/wp-json\/wp\/v2\/pages\/65850"}],"wp:attachment":[{"href":"https:\/\/moogbarcelona.com\/es\/wp-json\/wp\/v2\/media?parent=65873"}],"curies":[{"name":"wp","href":"https:\/\/api.w.org\/{rel}","templated":true}]}}